{"id":50,"date":"2024-09-08T06:39:42","date_gmt":"2024-09-08T06:39:42","guid":{"rendered":"https:\/\/funny-meitner.99-79-101-100.plesk.page\/?page_id=50"},"modified":"2024-09-13T03:26:56","modified_gmt":"2024-09-13T03:26:56","slug":"nos-produits","status":"publish","type":"page","link":"https:\/\/equinad.com\/index.php\/nos-produits\/","title":{"rendered":"Nos Produits"},"content":{"rendered":"\n<p class=\"has-text-align-center\" style=\"margin-right:0;margin-left:0;padding-right:0;padding-left:0\">FABRICANT DE PRODUIT D\u2019AM\u00c9NAGEMENT \u00c9QUESTRE. Notre \u00e9quipe vise \u00e0 vous offrir les meilleurs produits r\u00e9pondant \u00e0 vos besoins.<\/p>\n\n\n\n<div class=\"wp-block-group is-nowrap is-layout-flex wp-container-core-group-is-layout-6c531013 wp-block-group-is-layout-flex\">\n<figure class=\"wp-block-image alignleft size-full has-custom-border\"><img loading=\"lazy\" decoding=\"async\" width=\"622\" height=\"633\" src=\"https:\/\/equinad.com\/wp-content\/uploads\/2024\/09\/facade.jpg\" alt=\"\" class=\"wp-image-55\" style=\"border-style:none;border-width:0px;border-radius:20px\" srcset=\"https:\/\/equinad.com\/wp-content\/uploads\/2024\/09\/facade.jpg 622w, https:\/\/equinad.com\/wp-content\/uploads\/2024\/09\/facade-295x300.jpg 295w\" sizes=\"auto, (max-width: 622px) 100vw, 622px\" \/><\/figure>\n\n\n\n<details class=\"wp-block-details alignwide is-layout-flow wp-block-details-is-layout-flow\"><summary>fa\u00e7ade de box avec porte coulissante<\/summary>\n<p>kit fa\u00e7ade de box en acier galvanis\u00e9 avec barreaux de 31po (porte \u00e0 foin et porte soigneuse en option)<\/p>\n\n\n\n<ul class=\"wp-block-list\">\n<li>10 pied<\/li>\n\n\n\n<li>12 pied<\/li>\n\n\n\n<li>sur mesure<\/li>\n\n\n\n<li><strong>Quincaillerie seulement, boiserie et assemblage non-comprit.<\/strong><\/li>\n<\/ul>\n<\/details>\n<\/div>\n\n\n\n<div class=\"wp-block-group is-nowrap is-layout-flex wp-container-core-group-is-layout-6c531013 wp-block-group-is-layout-flex\">\n<figure class=\"wp-block-image alignleft size-full is-resized has-custom-border\"><img loading=\"lazy\" decoding=\"async\" width=\"385\" height=\"341\" src=\"https:\/\/equinad.com\/wp-content\/uploads\/2024\/09\/IMG_2137-683.jpg\" alt=\"\" class=\"wp-image-177\" style=\"border-radius:20px;width:300px\" srcset=\"https:\/\/equinad.com\/wp-content\/uploads\/2024\/09\/IMG_2137-683.jpg 385w, https:\/\/equinad.com\/wp-content\/uploads\/2024\/09\/IMG_2137-683-300x266.jpg 300w\" sizes=\"auto, (max-width: 385px) 100vw, 385px\" \/><\/figure>\n\n\n\n<details class=\"wp-block-details alignwide is-layout-flow wp-block-details-is-layout-flow\"><summary>s\u00e9parateur avec barreaux de 21po <\/summary>\n<p>s\u00e9parateur de box en acier galvanis\u00e9 avec barreaux de 21po<\/p>\n\n\n\n<ul class=\"wp-block-list\">\n<li>10 pied<\/li>\n\n\n\n<li>12 pied<\/li>\n\n\n\n<li>14 pied<\/li>\n\n\n\n<li>16 pied<\/li>\n\n\n\n<li>sur mesure<\/li>\n\n\n\n<li><strong>Quincaillerie seulement, boiserie et assemblage non-comprit.<\/strong><\/li>\n<\/ul>\n<\/details>\n<\/div>\n\n\n\n<div class=\"wp-block-group is-nowrap is-layout-flex wp-container-core-group-is-layout-6c531013 wp-block-group-is-layout-flex\">\n<figure class=\"wp-block-image size-full is-resized has-custom-border\"><img loading=\"lazy\" decoding=\"async\" width=\"443\" height=\"624\" src=\"https:\/\/equinad.com\/wp-content\/uploads\/2024\/09\/separateur.jpg\" alt=\"\" class=\"wp-image-58\" style=\"border-radius:20px;width:300px\" srcset=\"https:\/\/equinad.com\/wp-content\/uploads\/2024\/09\/separateur.jpg 443w, https:\/\/equinad.com\/wp-content\/uploads\/2024\/09\/separateur-213x300.jpg 213w\" sizes=\"auto, (max-width: 443px) 100vw, 443px\" \/><\/figure>\n\n\n\n<details class=\"wp-block-details is-layout-flow wp-block-details-is-layout-flow\"><summary>s\u00e9parateur avec barreaux de 31po<\/summary>\n<p>s\u00e9parateur de box en acier galvanis\u00e9 avec barreaux de 31po<\/p>\n\n\n\n<ul class=\"wp-block-list\">\n<li>10 pied<\/li>\n\n\n\n<li>12 pied<\/li>\n\n\n\n<li>14 pied<\/li>\n\n\n\n<li>16 pied<\/li>\n\n\n\n<li>sur mesure<\/li>\n\n\n\n<li><strong>Quincaillerie seulement, boiserie et assemblage non-comprit.<\/strong><\/li>\n<\/ul>\n\n\n\n<p><\/p>\n<\/details>\n<\/div>\n\n\n\n<div class=\"wp-block-group is-nowrap is-layout-flex wp-container-core-group-is-layout-6c531013 wp-block-group-is-layout-flex\">\n<figure class=\"wp-block-image size-full is-resized has-custom-border\"><img loading=\"lazy\" decoding=\"async\" width=\"372\" height=\"627\" src=\"https:\/\/equinad.com\/wp-content\/uploads\/2024\/09\/porteafoin.jpg\" alt=\"\" class=\"wp-image-62\" style=\"border-radius:20px;width:300px\" srcset=\"https:\/\/equinad.com\/wp-content\/uploads\/2024\/09\/porteafoin.jpg 372w, https:\/\/equinad.com\/wp-content\/uploads\/2024\/09\/porteafoin-178x300.jpg 178w\" sizes=\"auto, (max-width: 372px) 100vw, 372px\" \/><\/figure>\n\n\n\n<details class=\"wp-block-details is-layout-flow wp-block-details-is-layout-flow\"><summary>porte a foin<\/summary>\n<p>en option pour fa\u00e7ade ou s\u00e9paration a barreaux de 31 pouce<\/p>\n<\/details>\n<\/div>\n\n\n\n<div class=\"wp-block-group is-nowrap is-layout-flex wp-container-core-group-is-layout-6c531013 wp-block-group-is-layout-flex\">\n<figure class=\"wp-block-image size-full is-resized has-custom-border\"><img loading=\"lazy\" decoding=\"async\" width=\"537\" height=\"930\" src=\"https:\/\/equinad.com\/wp-content\/uploads\/2024\/09\/portesoigneuse.jpg\" alt=\"\" class=\"wp-image-155\" style=\"border-radius:20px;width:300px\" srcset=\"https:\/\/equinad.com\/wp-content\/uploads\/2024\/09\/portesoigneuse.jpg 537w, https:\/\/equinad.com\/wp-content\/uploads\/2024\/09\/portesoigneuse-173x300.jpg 173w\" sizes=\"auto, (max-width: 537px) 100vw, 537px\" \/><\/figure>\n\n\n\n<details class=\"wp-block-details is-layout-flow wp-block-details-is-layout-flow\"><summary>porte soigneuse <\/summary>\n<p>en option pour porte coulissante<\/p>\n<\/details>\n<\/div>\n\n\n\n<div class=\"wp-block-group is-nowrap is-layout-flex wp-container-core-group-is-layout-6c531013 wp-block-group-is-layout-flex\">\n<figure class=\"wp-block-image size-full is-resized\"><img loading=\"lazy\" decoding=\"async\" width=\"256\" height=\"192\" src=\"https:\/\/equinad.com\/wp-content\/uploads\/2024\/09\/protegefenetre2.jpg\" alt=\"\" class=\"wp-image-157\" style=\"width:300px;height:auto\"\/><\/figure>\n\n\n\n<details class=\"wp-block-details is-layout-flow wp-block-details-is-layout-flow\"><summary>prot\u00e8ge fen\u00eatre<\/summary>\n<p>prot\u00e8ge fen\u00eatre en acier galvanis\u00e9 fait sur mesure<\/p>\n<\/details>\n<\/div>\n\n\n\n<div class=\"wp-block-group is-nowrap is-layout-flex wp-container-core-group-is-layout-6c531013 wp-block-group-is-layout-flex\">\n<figure class=\"wp-block-image size-full is-resized\"><img loading=\"lazy\" decoding=\"async\" width=\"1000\" height=\"563\" src=\"https:\/\/equinad.com\/wp-content\/uploads\/2024\/09\/poigneferacheval.jpg\" alt=\"\" class=\"wp-image-154\" style=\"width:300px\" srcset=\"https:\/\/equinad.com\/wp-content\/uploads\/2024\/09\/poigneferacheval.jpg 1000w, https:\/\/equinad.com\/wp-content\/uploads\/2024\/09\/poigneferacheval-300x169.jpg 300w, https:\/\/equinad.com\/wp-content\/uploads\/2024\/09\/poigneferacheval-768x432.jpg 768w\" sizes=\"auto, (max-width: 1000px) 100vw, 1000px\" \/><\/figure>\n\n\n\n<details class=\"wp-block-details is-layout-flow wp-block-details-is-layout-flow\"><summary>poign\u00e9 fer \u00e0 cheval<\/summary>\n<p>poign\u00e9 fer \u00e0 cheval en acier galvanis\u00e9<\/p>\n<\/details>\n<\/div>\n","protected":false},"excerpt":{"rendered":"<p>FABRICANT DE PRODUIT D\u2019AM\u00c9NAGEMENT \u00c9QUESTRE. Notre \u00e9quipe vise \u00e0 vous offrir les meilleurs produits r\u00e9pondant \u00e0 vos besoins.<\/p>\n","protected":false},"author":1,"featured_media":0,"parent":0,"menu_order":0,"comment_status":"closed","ping_status":"closed","template":"page-no-title","meta":{"footnotes":""},"class_list":["post-50","page","type-page","status-publish","hentry"],"yoast_head":"<!-- This site is optimized with the Yoast SEO plugin v25.0 - https:\/\/yoast.com\/wordpress\/plugins\/seo\/ -->\n<title>Nos Produits - Equinad produits d\u2019am\u00e9nagement \u00e9questre<\/title>\n<meta name=\"robots\" content=\"index, follow, max-snippet:-1, max-image-preview:large, max-video-preview:-1\" \/>\n<link rel=\"canonical\" href=\"https:\/\/equinad.com\/index.php\/nos-produits\/\" \/>\n<meta property=\"og:locale\" content=\"fr_CA\" \/>\n<meta property=\"og:type\" content=\"article\" \/>\n<meta property=\"og:title\" content=\"Nos Produits - Equinad produits d\u2019am\u00e9nagement \u00e9questre\" \/>\n<meta property=\"og:description\" content=\"FABRICANT DE PRODUIT D\u2019AM\u00c9NAGEMENT \u00c9QUESTRE. Notre \u00e9quipe vise \u00e0 vous offrir les meilleurs produits r\u00e9pondant \u00e0 vos besoins.\" \/>\n<meta property=\"og:url\" content=\"https:\/\/equinad.com\/index.php\/nos-produits\/\" \/>\n<meta property=\"og:site_name\" content=\"Equinad produits d\u2019am\u00e9nagement \u00e9questre\" \/>\n<meta property=\"article:publisher\" content=\"https:\/\/www.facebook.com\/equinad\" \/>\n<meta property=\"article:modified_time\" content=\"2024-09-13T03:26:56+00:00\" \/>\n<meta property=\"og:image\" content=\"https:\/\/equinad.com\/wp-content\/uploads\/2024\/09\/facade.jpg\" \/>\n<meta name=\"twitter:card\" content=\"summary_large_image\" \/>\n<meta name=\"twitter:label1\" content=\"Estimation du temps de lecture\" \/>\n\t<meta name=\"twitter:data1\" content=\"3 minutes\" \/>\n<script type=\"application\/ld+json\" class=\"yoast-schema-graph\">{\"@context\":\"https:\/\/schema.org\",\"@graph\":[{\"@type\":\"WebPage\",\"@id\":\"https:\/\/equinad.com\/index.php\/nos-produits\/\",\"url\":\"https:\/\/equinad.com\/index.php\/nos-produits\/\",\"name\":\"Nos Produits - Equinad produits d\u2019am\u00e9nagement \u00e9questre\",\"isPartOf\":{\"@id\":\"https:\/\/equinad.com\/#website\"},\"primaryImageOfPage\":{\"@id\":\"https:\/\/equinad.com\/index.php\/nos-produits\/#primaryimage\"},\"image\":{\"@id\":\"https:\/\/equinad.com\/index.php\/nos-produits\/#primaryimage\"},\"thumbnailUrl\":\"https:\/\/equinad.com\/wp-content\/uploads\/2024\/09\/facade.jpg\",\"datePublished\":\"2024-09-08T06:39:42+00:00\",\"dateModified\":\"2024-09-13T03:26:56+00:00\",\"breadcrumb\":{\"@id\":\"https:\/\/equinad.com\/index.php\/nos-produits\/#breadcrumb\"},\"inLanguage\":\"fr-CA\",\"potentialAction\":[{\"@type\":\"ReadAction\",\"target\":[\"https:\/\/equinad.com\/index.php\/nos-produits\/\"]}]},{\"@type\":\"ImageObject\",\"inLanguage\":\"fr-CA\",\"@id\":\"https:\/\/equinad.com\/index.php\/nos-produits\/#primaryimage\",\"url\":\"https:\/\/equinad.com\/wp-content\/uploads\/2024\/09\/facade.jpg\",\"contentUrl\":\"https:\/\/equinad.com\/wp-content\/uploads\/2024\/09\/facade.jpg\",\"width\":622,\"height\":633},{\"@type\":\"BreadcrumbList\",\"@id\":\"https:\/\/equinad.com\/index.php\/nos-produits\/#breadcrumb\",\"itemListElement\":[{\"@type\":\"ListItem\",\"position\":1,\"name\":\"Accueil\",\"item\":\"https:\/\/equinad.com\/\"},{\"@type\":\"ListItem\",\"position\":2,\"name\":\"Nos Produits\"}]},{\"@type\":\"WebSite\",\"@id\":\"https:\/\/equinad.com\/#website\",\"url\":\"https:\/\/equinad.com\/\",\"name\":\"equinad\",\"description\":\"La diff\u00e9rence par la qualit\u00e9 !\",\"publisher\":{\"@id\":\"https:\/\/equinad.com\/#organization\"},\"potentialAction\":[{\"@type\":\"SearchAction\",\"target\":{\"@type\":\"EntryPoint\",\"urlTemplate\":\"https:\/\/equinad.com\/?s={search_term_string}\"},\"query-input\":{\"@type\":\"PropertyValueSpecification\",\"valueRequired\":true,\"valueName\":\"search_term_string\"}}],\"inLanguage\":\"fr-CA\"},{\"@type\":\"Organization\",\"@id\":\"https:\/\/equinad.com\/#organization\",\"name\":\"Equinad\",\"url\":\"https:\/\/equinad.com\/\",\"logo\":{\"@type\":\"ImageObject\",\"inLanguage\":\"fr-CA\",\"@id\":\"https:\/\/equinad.com\/#\/schema\/logo\/image\/\",\"url\":\"https:\/\/equinad.com\/wp-content\/uploads\/2024\/09\/logo.gif\",\"contentUrl\":\"https:\/\/equinad.com\/wp-content\/uploads\/2024\/09\/logo.gif\",\"width\":588,\"height\":132,\"caption\":\"Equinad\"},\"image\":{\"@id\":\"https:\/\/equinad.com\/#\/schema\/logo\/image\/\"},\"sameAs\":[\"https:\/\/www.facebook.com\/equinad\"]}]}<\/script>\n<!-- \/ Yoast SEO plugin. -->","yoast_head_json":{"title":"Nos Produits - Equinad produits d\u2019am\u00e9nagement \u00e9questre","robots":{"index":"index","follow":"follow","max-snippet":"max-snippet:-1","max-image-preview":"max-image-preview:large","max-video-preview":"max-video-preview:-1"},"canonical":"https:\/\/equinad.com\/index.php\/nos-produits\/","og_locale":"fr_CA","og_type":"article","og_title":"Nos Produits - Equinad produits d\u2019am\u00e9nagement \u00e9questre","og_description":"FABRICANT DE PRODUIT D\u2019AM\u00c9NAGEMENT \u00c9QUESTRE. Notre \u00e9quipe vise \u00e0 vous offrir les meilleurs produits r\u00e9pondant \u00e0 vos besoins.","og_url":"https:\/\/equinad.com\/index.php\/nos-produits\/","og_site_name":"Equinad produits d\u2019am\u00e9nagement \u00e9questre","article_publisher":"https:\/\/www.facebook.com\/equinad","article_modified_time":"2024-09-13T03:26:56+00:00","og_image":[{"url":"https:\/\/equinad.com\/wp-content\/uploads\/2024\/09\/facade.jpg","type":"","width":"","height":""}],"twitter_card":"summary_large_image","twitter_misc":{"Estimation du temps de lecture":"3 minutes"},"schema":{"@context":"https:\/\/schema.org","@graph":[{"@type":"WebPage","@id":"https:\/\/equinad.com\/index.php\/nos-produits\/","url":"https:\/\/equinad.com\/index.php\/nos-produits\/","name":"Nos Produits - Equinad produits d\u2019am\u00e9nagement \u00e9questre","isPartOf":{"@id":"https:\/\/equinad.com\/#website"},"primaryImageOfPage":{"@id":"https:\/\/equinad.com\/index.php\/nos-produits\/#primaryimage"},"image":{"@id":"https:\/\/equinad.com\/index.php\/nos-produits\/#primaryimage"},"thumbnailUrl":"https:\/\/equinad.com\/wp-content\/uploads\/2024\/09\/facade.jpg","datePublished":"2024-09-08T06:39:42+00:00","dateModified":"2024-09-13T03:26:56+00:00","breadcrumb":{"@id":"https:\/\/equinad.com\/index.php\/nos-produits\/#breadcrumb"},"inLanguage":"fr-CA","potentialAction":[{"@type":"ReadAction","target":["https:\/\/equinad.com\/index.php\/nos-produits\/"]}]},{"@type":"ImageObject","inLanguage":"fr-CA","@id":"https:\/\/equinad.com\/index.php\/nos-produits\/#primaryimage","url":"https:\/\/equinad.com\/wp-content\/uploads\/2024\/09\/facade.jpg","contentUrl":"https:\/\/equinad.com\/wp-content\/uploads\/2024\/09\/facade.jpg","width":622,"height":633},{"@type":"BreadcrumbList","@id":"https:\/\/equinad.com\/index.php\/nos-produits\/#breadcrumb","itemListElement":[{"@type":"ListItem","position":1,"name":"Accueil","item":"https:\/\/equinad.com\/"},{"@type":"ListItem","position":2,"name":"Nos Produits"}]},{"@type":"WebSite","@id":"https:\/\/equinad.com\/#website","url":"https:\/\/equinad.com\/","name":"equinad","description":"La diff\u00e9rence par la qualit\u00e9 !","publisher":{"@id":"https:\/\/equinad.com\/#organization"},"potentialAction":[{"@type":"SearchAction","target":{"@type":"EntryPoint","urlTemplate":"https:\/\/equinad.com\/?s={search_term_string}"},"query-input":{"@type":"PropertyValueSpecification","valueRequired":true,"valueName":"search_term_string"}}],"inLanguage":"fr-CA"},{"@type":"Organization","@id":"https:\/\/equinad.com\/#organization","name":"Equinad","url":"https:\/\/equinad.com\/","logo":{"@type":"ImageObject","inLanguage":"fr-CA","@id":"https:\/\/equinad.com\/#\/schema\/logo\/image\/","url":"https:\/\/equinad.com\/wp-content\/uploads\/2024\/09\/logo.gif","contentUrl":"https:\/\/equinad.com\/wp-content\/uploads\/2024\/09\/logo.gif","width":588,"height":132,"caption":"Equinad"},"image":{"@id":"https:\/\/equinad.com\/#\/schema\/logo\/image\/"},"sameAs":["https:\/\/www.facebook.com\/equinad"]}]}},"_links":{"self":[{"href":"https:\/\/equinad.com\/index.php\/wp-json\/wp\/v2\/pages\/50","targetHints":{"allow":["GET"]}}],"collection":[{"href":"https:\/\/equinad.com\/index.php\/wp-json\/wp\/v2\/pages"}],"about":[{"href":"https:\/\/equinad.com\/index.php\/wp-json\/wp\/v2\/types\/page"}],"author":[{"embeddable":true,"href":"https:\/\/equinad.com\/index.php\/wp-json\/wp\/v2\/users\/1"}],"replies":[{"embeddable":true,"href":"https:\/\/equinad.com\/index.php\/wp-json\/wp\/v2\/comments?post=50"}],"version-history":[{"count":23,"href":"https:\/\/equinad.com\/index.php\/wp-json\/wp\/v2\/pages\/50\/revisions"}],"predecessor-version":[{"id":178,"href":"https:\/\/equinad.com\/index.php\/wp-json\/wp\/v2\/pages\/50\/revisions\/178"}],"wp:attachment":[{"href":"https:\/\/equinad.com\/index.php\/wp-json\/wp\/v2\/media?parent=50"}],"curies":[{"name":"wp","href":"https:\/\/api.w.org\/{rel}","templated":true}]}}